{"id":422,"date":"2017-08-27T17:16:01","date_gmt":"2017-08-27T15:16:01","guid":{"rendered":"http:\/\/lake-agege-farm.org\/en\/?page_id=422"},"modified":"2017-08-27T17:16:33","modified_gmt":"2017-08-27T15:16:33","slug":"tonkoerperbewaesserung","status":"publish","type":"page","link":"https:\/\/lake-agege-farm.org\/en\/tonkoerperbewaesserung\/","title":{"rendered":"Tonk\u00f6rperbew\u00e4sserung"},"content":{"rendered":"<p>Installation einer ersten Tonk\u00f6rperbew\u00e4sserungs-Versuchsreihe an Moringa-B\u00e4umen in Kooperation mit dem <a href=\"http:\/\/www.ipt-wismar.de\/?id=21&amp;name=Das%20Institut\">IPT Wismar<\/a> (Prof. Dr.-Ing. Harald Hansmann), Februar 2017.<\/p>\n<p>Monitoring des Projektes durch die <a href=\"https:\/\/cans.ucc.edu.gh\/\">Universit\u00e4t Cape Coast<\/a> und Willie Voet.<\/p>\n<figure id=\"attachment_550\" aria-describedby=\"caption-attachment-550\" style=\"width: 314px\" class=\"wp-caption alignleft\"><a href=\"http:\/\/lake-agege-farm.org\/wp-content\/uploads\/2017\/06\/lines.jpg\"><img loading=\"lazy\" decoding=\"async\" class=\"wp-image-550\" src=\"http:\/\/lake-agege-farm.org\/wp-content\/uploads\/2017\/06\/lines-300x225.jpg\" alt=\"\" width=\"314\" height=\"235\" \/><\/a><figcaption id=\"caption-attachment-550\" class=\"wp-caption-text\">Markieren der Gr\u00e4ben mit Sand<\/figcaption><\/figure>\n<figure id=\"attachment_549\" aria-describedby=\"caption-attachment-549\" style=\"width: 177px\" class=\"wp-caption alignleft\"><a href=\"http:\/\/lake-agege-farm.org\/wp-content\/uploads\/2017\/06\/digging.jpg\"><img loading=\"lazy\" decoding=\"async\" class=\"wp-image-549\" src=\"http:\/\/lake-agege-farm.org\/wp-content\/uploads\/2017\/06\/digging-225x300.jpg\" alt=\"\" width=\"177\" height=\"236\" \/><\/a><figcaption id=\"caption-attachment-549\" class=\"wp-caption-text\">Aushub mit Spitzhacke<\/figcaption><\/figure>\n<figure id=\"attachment_564\" aria-describedby=\"caption-attachment-564\" style=\"width: 179px\" class=\"wp-caption alignleft\"><a href=\"http:\/\/lake-agege-farm.org\/wp-content\/uploads\/2017\/06\/verlegetiefe.jpg\"><img loading=\"lazy\" decoding=\"async\" class=\"wp-image-564\" src=\"http:\/\/lake-agege-farm.org\/wp-content\/uploads\/2017\/06\/verlegetiefe-225x300.jpg\" alt=\"\" width=\"179\" height=\"239\" \/><\/a><figcaption id=\"caption-attachment-564\" class=\"wp-caption-text\">Verlegetiefe ca. 40cm<\/figcaption><\/figure>\n<figure id=\"attachment_553\" aria-describedby=\"caption-attachment-553\" style=\"width: 178px\" class=\"wp-caption alignleft\"><a href=\"http:\/\/lake-agege-farm.org\/wp-content\/uploads\/2017\/06\/sand.jpg\"><img loading=\"lazy\" decoding=\"async\" class=\"wp-image-553\" src=\"http:\/\/lake-agege-farm.org\/wp-content\/uploads\/2017\/06\/sand-225x300.jpg\" alt=\"\" width=\"178\" height=\"238\" \/><\/a><figcaption id=\"caption-attachment-553\" class=\"wp-caption-text\">Verlegung der Verbindungsschl\u00e4uche<\/figcaption><\/figure>\n<p>&nbsp;<\/p>\n<p>&nbsp;<\/p>\n<p>&nbsp;<\/p>\n<p>&nbsp;<\/p>\n<p>&nbsp;<\/p>\n<p>&nbsp;<\/p>\n<p>&nbsp;<\/p>\n<p>&nbsp;<\/p>\n<figure id=\"attachment_557\" aria-describedby=\"caption-attachment-557\" style=\"width: 316px\" class=\"wp-caption alignleft\"><a href=\"http:\/\/lake-agege-farm.org\/wp-content\/uploads\/2017\/06\/fass.jpg\"><img loading=\"lazy\" decoding=\"async\" class=\"wp-image-557\" src=\"http:\/\/lake-agege-farm.org\/wp-content\/uploads\/2017\/06\/fass-300x225.jpg\" alt=\"\" width=\"316\" height=\"237\" \/><\/a><figcaption id=\"caption-attachment-557\" class=\"wp-caption-text\">Pr\u00e4parieren des Wassertanks<\/figcaption><\/figure>\n<figure id=\"attachment_552\" aria-describedby=\"caption-attachment-552\" style=\"width: 178px\" class=\"wp-caption alignleft\"><a href=\"http:\/\/lake-agege-farm.org\/wp-content\/uploads\/2017\/06\/measurement2.jpg\"><img loading=\"lazy\" decoding=\"async\" class=\"wp-image-552\" src=\"http:\/\/lake-agege-farm.org\/wp-content\/uploads\/2017\/06\/measurement2-225x300.jpg\" alt=\"\" width=\"178\" height=\"237\" \/><\/a><figcaption id=\"caption-attachment-552\" class=\"wp-caption-text\">Dokumentation des Niveaus<\/figcaption><\/figure>\n<p><a href=\"http:\/\/lake-agege-farm.org\/wp-content\/uploads\/2017\/06\/measurement1.jpg\"><img loading=\"lazy\" decoding=\"async\" class=\"wp-image-551 alignleft\" src=\"http:\/\/lake-agege-farm.org\/wp-content\/uploads\/2017\/06\/measurement1-225x300.jpg\" alt=\"\" width=\"177\" height=\"236\" \/><\/a><a href=\"http:\/\/lake-agege-farm.org\/wp-content\/uploads\/2017\/06\/pipes.jpg\"><img loading=\"lazy\" decoding=\"async\" class=\"wp-image-561 alignnone\" src=\"http:\/\/lake-agege-farm.org\/wp-content\/uploads\/2017\/06\/pipes-225x300.jpg\" alt=\"\" width=\"180\" height=\"240\" \/><\/a><\/p>\n<p>&nbsp;<\/p>\n<p>&nbsp;<\/p>\n<figure id=\"attachment_567\" aria-describedby=\"caption-attachment-567\" style=\"width: 227px\" class=\"wp-caption alignleft\"><a href=\"http:\/\/lake-agege-farm.org\/wp-content\/uploads\/2017\/06\/tonk\u00f6rper2.jpg\"><img loading=\"lazy\" decoding=\"async\" class=\"wp-image-567\" src=\"http:\/\/lake-agege-farm.org\/wp-content\/uploads\/2017\/06\/tonk\u00f6rper2-300x300.jpg\" alt=\"\" width=\"227\" height=\"227\" \/><\/a><figcaption id=\"caption-attachment-567\" class=\"wp-caption-text\">Tonk\u00f6rper im Sandbett<\/figcaption><\/figure>\n<figure id=\"attachment_566\" aria-describedby=\"caption-attachment-566\" style=\"width: 300px\" class=\"wp-caption alignleft\"><a href=\"http:\/\/lake-agege-farm.org\/wp-content\/uploads\/2017\/06\/kofi-pipes.jpg\"><img loading=\"lazy\" decoding=\"async\" class=\"wp-image-566\" src=\"http:\/\/lake-agege-farm.org\/wp-content\/uploads\/2017\/06\/kofi-pipes-300x225.jpg\" alt=\"\" width=\"300\" height=\"225\" \/><\/a><figcaption id=\"caption-attachment-566\" class=\"wp-caption-text\">Farmmanager Kofi hilft bei der Installation des Bew\u00e4sserungssystems<\/figcaption><\/figure>\n<p><a href=\"http:\/\/lake-agege-farm.org\/wp-content\/uploads\/2017\/06\/connection.jpg\"><img loading=\"lazy\" decoding=\"async\" class=\"wp-image-556 alignleft\" src=\"http:\/\/lake-agege-farm.org\/wp-content\/uploads\/2017\/06\/connection-300x225.jpg\" alt=\"\" width=\"303\" height=\"227\" \/><\/a><\/p>\n<p>&nbsp;<\/p>\n<p>&nbsp;<\/p>\n<p>&nbsp;<\/p>\n<p>&nbsp;<\/p>\n<p>&nbsp;<\/p>\n<p>&nbsp;<\/p>\n<p>&nbsp;<\/p>\n<p>&nbsp;<\/p>\n<p><a href=\"http:\/\/lake-agege-farm.org\/wp-content\/uploads\/2017\/06\/IMG-20170221-WA0001_resized.jpg\"><img loading=\"lazy\" decoding=\"async\" class=\"alignleft wp-image-595 size-medium\" src=\"http:\/\/lake-agege-farm.org\/wp-content\/uploads\/2017\/06\/IMG-20170221-WA0001_resized-180x300.jpg\" alt=\"\" width=\"180\" height=\"300\" \/><\/a><a href=\"http:\/\/lake-agege-farm.org\/wp-content\/uploads\/2017\/06\/willie-voight.jpg\"><img loading=\"lazy\" decoding=\"async\" class=\"alignleft size-medium wp-image-565\" src=\"http:\/\/lake-agege-farm.org\/wp-content\/uploads\/2017\/06\/willie-voight-225x300.jpg\" alt=\"\" width=\"225\" height=\"300\" \/><\/a><a href=\"http:\/\/lake-agege-farm.org\/wp-content\/uploads\/2017\/06\/IMG-20170221-WA0004_resized.jpg\"><img loading=\"lazy\" decoding=\"async\" class=\"alignleft size-medium wp-image-596\" src=\"http:\/\/lake-agege-farm.org\/wp-content\/uploads\/2017\/06\/IMG-20170221-WA0004_resized-180x300.jpg\" alt=\"\" width=\"180\" height=\"300\" \/><\/a><a href=\"http:\/\/lake-agege-farm.org\/wp-content\/uploads\/2017\/06\/IMG-20170207-WA0002_resized.jpg\"><img loading=\"lazy\" decoding=\"async\" class=\"alignleft size-medium wp-image-593\" src=\"http:\/\/lake-agege-farm.org\/wp-content\/uploads\/2017\/06\/IMG-20170207-WA0002_resized-180x300.jpg\" alt=\"\" width=\"180\" height=\"300\" \/><\/a><a href=\"http:\/\/lake-agege-farm.org\/wp-content\/uploads\/2017\/06\/IMG-20170221-WA0006_resized.jpg\"><img loading=\"lazy\" decoding=\"async\" class=\"alignleft size-medium wp-image-597\" src=\"http:\/\/lake-agege-farm.org\/wp-content\/uploads\/2017\/06\/IMG-20170221-WA0006_resized-180x300.jpg\" alt=\"\" width=\"180\" height=\"300\" \/><\/a><\/p>\n<p>&nbsp;<\/p>\n<p>&nbsp;<\/p>\n<p>&nbsp;<\/p>\n<p>Willie Voet hilft beim Monitoring des Projektes vor Ort und f\u00fchrt zusammen mit Farmmanager Kofi und in Zusammenarbeit mit der Universit\u00e4t Cape Coast (<a href=\"https:\/\/agric-eng.ucc.edu.gh\/student-profile\/dr-francis-kumi\">Dr. Francis Kumi<\/a>) regelm\u00e4\u00dfige Messungen durch.<\/p>\n","protected":false},"excerpt":{"rendered":"<p>Installation einer ersten Tonk\u00f6rperbew\u00e4sserungs-Versuchsreihe an Moringa-B\u00e4umen in Kooperation mit dem IPT Wismar (Prof. Dr.-Ing. Harald Hansmann), Februar 2017. Monitoring des Projektes durch die Universit\u00e4t Cape Coast und Willie Voet. &nbsp; &nbsp; &nbsp; &nbsp; &nbsp; &nbsp; &nbsp; &nbsp; &nbsp; &nbsp; &nbsp;<\/p>\n","protected":false},"author":1,"featured_media":0,"parent":0,"menu_order":0,"comment_status":"closed","ping_status":"closed","template":"","meta":{"footnotes":""},"class_list":["post-422","page","type-page","status-publish","hentry"],"_links":{"self":[{"href":"https:\/\/lake-agege-farm.org\/en\/wp-json\/wp\/v2\/pages\/422","targetHints":{"allow":["GET"]}}],"collection":[{"href":"https:\/\/lake-agege-farm.org\/en\/wp-json\/wp\/v2\/pages"}],"about":[{"href":"https:\/\/lake-agege-farm.org\/en\/wp-json\/wp\/v2\/types\/page"}],"author":[{"embeddable":true,"href":"https:\/\/lake-agege-farm.org\/en\/wp-json\/wp\/v2\/users\/1"}],"replies":[{"embeddable":true,"href":"https:\/\/lake-agege-farm.org\/en\/wp-json\/wp\/v2\/comments?post=422"}],"version-history":[{"count":2,"href":"https:\/\/lake-agege-farm.org\/en\/wp-json\/wp\/v2\/pages\/422\/revisions"}],"predecessor-version":[{"id":424,"href":"https:\/\/lake-agege-farm.org\/en\/wp-json\/wp\/v2\/pages\/422\/revisions\/424"}],"wp:attachment":[{"href":"https:\/\/lake-agege-farm.org\/en\/wp-json\/wp\/v2\/media?parent=422"}],"curies":[{"name":"wp","href":"https:\/\/api.w.org\/{rel}","templated":true}]}}