{"id":200,"date":"2017-01-03T19:20:04","date_gmt":"2017-01-03T18:20:04","guid":{"rendered":"http:\/\/lake-agege-farm.org\/en\/?page_id=200"},"modified":"2025-01-06T10:35:46","modified_gmt":"2025-01-06T09:35:46","slug":"team","status":"publish","type":"page","link":"https:\/\/lake-agege-farm.org\/en\/team\/","title":{"rendered":"Team"},"content":{"rendered":"<h3>Nachfolgend stellen wir Ihnen das Team der Lake Agege Farm vor:<\/h3>\n<ul>\n<li><strong>Dipl.-Ing. (FH) Britta `Mascha\u00b4 Wolff<\/strong>\n<ul>\n<li><a href=\"http:\/\/lake-agege-farm.org\/wp-content\/uploads\/2017\/01\/Britta1.jpg\"><img loading=\"lazy\" decoding=\"async\" class=\"alignright wp-image-303\" src=\"http:\/\/lake-agege-farm.org\/wp-content\/uploads\/2017\/01\/Britta1-300x300.jpg\" alt=\"\" width=\"180\" height=\"208\" \/><\/a>Geboren 1981 im Ruhrgebiet<\/li>\n<li>aufgewachsen in Dortmund<\/li>\n<li>Dozentin f\u00fcr Lehmbau, Innenarchitektin<\/li>\n<li>Responsible for the organisation and realisation of farmer workshops within the DIVAGRI project<\/li>\n<\/ul>\n<\/li>\n<\/ul>\n<ul>\n<li><strong>Dr. Maik-Jens Springmann<\/strong>\n<ul>\n<li><a href=\"http:\/\/lake-agege-farm.org\/wp-content\/uploads\/2017\/01\/Maik1.jpg\"><img loading=\"lazy\" decoding=\"async\" class=\"alignright wp-image-306\" src=\"http:\/\/lake-agege-farm.org\/wp-content\/uploads\/2017\/01\/Maik1-300x300.jpg\" alt=\"\" width=\"180\" height=\"195\" \/><\/a>Geboren 1967 in Ueckerm\u00fcnde am Stettiner Haff<\/li>\n<li>1995 Aufbau des biologisch-organisch wirtschaftenden Landwirtschaftsbetriebes `Grenzer \u00d6kohof\u00b4 in Klein Grenz bei Rostock, Betriebsleiter<\/li>\n<li>1999 erstmaliger Besuch in Ghana, 2001 Erwerb des Landes am Agege See<\/li>\n<li>Verantwortlich f\u00fcr alle Projekte rund um die Landwirtschaft<\/li>\n<\/ul>\n<\/li>\n<\/ul>\n<ul>\n<li><strong>Richard Mensah<\/strong>\n<ul>\n<li>Geboren 1947 in Mankessim, Ghana<a href=\"http:\/\/lake-agege-farm.org\/wp-content\/uploads\/2017\/01\/Richard1.jpg\"><img loading=\"lazy\" decoding=\"async\" class=\"alignright wp-image-307\" src=\"http:\/\/lake-agege-farm.org\/wp-content\/uploads\/2017\/01\/Richard1-300x300.jpg\" alt=\"\" width=\"180\" height=\"221\" \/><\/a><\/li>\n<li>Verantwortlich f\u00fcr alle Fragen rund um die Hospitalit\u00e4t von unseren Seminarg\u00e4sten und Helfern<\/li>\n<\/ul>\n<\/li>\n<\/ul>\n<ul>\n<li><strong>Isaac `Kofi\u00b4 Dadzie<br \/>\n<\/strong><\/p>\n<ul>\n<li><a href=\"http:\/\/lake-agege-farm.org\/wp-content\/uploads\/2017\/01\/Kofi1.jpg\"><img loading=\"lazy\" decoding=\"async\" class=\"alignright wp-image-305\" src=\"http:\/\/lake-agege-farm.org\/wp-content\/uploads\/2017\/01\/Kofi1-300x300.jpg\" alt=\"\" width=\"180\" height=\"210\" \/><\/a>Geboren 1987 in Gomoa Mampong, Ghana<\/li>\n<li>Farmer und Organisator der Lake Agege Farm<\/li>\n<\/ul>\n<\/li>\n<\/ul>\n<ul>\n<li><\/li>\n<\/ul>\n","protected":false},"excerpt":{"rendered":"<p>Nachfolgend stellen wir Ihnen das Team der Lake Agege Farm vor: Dipl.-Ing. (FH) Britta `Mascha\u00b4 Wolff Geboren 1981 im Ruhrgebiet aufgewachsen in Dortmund Dozentin f\u00fcr Lehmbau, Innenarchitektin Responsible for the organisation and realisation of farmer workshops within the DIVAGRI project<\/p>\n","protected":false},"author":1,"featured_media":0,"parent":0,"menu_order":0,"comment_status":"closed","ping_status":"closed","template":"","meta":{"footnotes":""},"class_list":["post-200","page","type-page","status-publish","hentry"],"_links":{"self":[{"href":"https:\/\/lake-agege-farm.org\/en\/wp-json\/wp\/v2\/pages\/200","targetHints":{"allow":["GET"]}}],"collection":[{"href":"https:\/\/lake-agege-farm.org\/en\/wp-json\/wp\/v2\/pages"}],"about":[{"href":"https:\/\/lake-agege-farm.org\/en\/wp-json\/wp\/v2\/types\/page"}],"author":[{"embeddable":true,"href":"https:\/\/lake-agege-farm.org\/en\/wp-json\/wp\/v2\/users\/1"}],"replies":[{"embeddable":true,"href":"https:\/\/lake-agege-farm.org\/en\/wp-json\/wp\/v2\/comments?post=200"}],"version-history":[{"count":5,"href":"https:\/\/lake-agege-farm.org\/en\/wp-json\/wp\/v2\/pages\/200\/revisions"}],"predecessor-version":[{"id":920,"href":"https:\/\/lake-agege-farm.org\/en\/wp-json\/wp\/v2\/pages\/200\/revisions\/920"}],"wp:attachment":[{"href":"https:\/\/lake-agege-farm.org\/en\/wp-json\/wp\/v2\/media?parent=200"}],"curies":[{"name":"wp","href":"https:\/\/api.w.org\/{rel}","templated":true}]}}