{"id":2,"date":"2016-12-08T14:54:10","date_gmt":"2016-12-08T13:54:10","guid":{"rendered":"http:\/\/lake-agege-farm.org\/en\/?page_id=2"},"modified":"2017-08-27T14:18:32","modified_gmt":"2017-08-27T12:18:32","slug":"the-farm","status":"publish","type":"page","link":"https:\/\/lake-agege-farm.org\/en\/the-farm\/","title":{"rendered":"The Farm"},"content":{"rendered":"<h2>Ghana Farm Project<\/h2>\n<p>\u00dcber\u00a0 viele Jahren ist die Idee gereift, Bau und Anbau in Ghana in ganzheitlicher Weise als Projekt auf die Beine zu stellen.<br \/>\nAm Agege-See, mitten im Busch in der N\u00e4he von Mankessim (zwischen Cape Coast und Accra) ist 2009 aus eigener Kraft ein erstes Basis-Lager entstanden.<br \/>\nDas Bauen aus nat\u00fcrlichen Vorort-Materialien (ecological architecture) und die perspektivisch nachhaltige Landwirtschaft (ecological farming) stehen im Mittelpunkt des non-profit-Projektes.<\/p>\n<p><img loading=\"lazy\" decoding=\"async\" class=\"aligncenter wp-image-257 size-full\" src=\"http:\/\/lake-agege-farm.org\/en\/wp-content\/uploads\/sites\/5\/2016\/12\/farm-1.jpg\" width=\"704\" height=\"295\" srcset=\"https:\/\/lake-agege-farm.org\/en\/wp-content\/uploads\/sites\/5\/2016\/12\/farm-1.jpg 704w, https:\/\/lake-agege-farm.org\/en\/wp-content\/uploads\/sites\/5\/2016\/12\/farm-1-300x126.jpg 300w\" sizes=\"auto, (max-width: 704px) 100vw, 704px\" \/><br \/>\n<!--nextpage--><\/p>\n<h2>Ghana Farm Project<\/h2>\n<p>Langj\u00e4hrige enge Kontakte zu einer Familie in Mankessim sind Basis und Motivation f\u00fcr das Projekt, dessen Initiatoren aus der Landwirtschaft und (Innen-) Architektur kommen, bzw. ihre Wurzeln in Ghana haben.<br \/>\nDas Projekt ist offen f\u00fcr Interessierte und Studierende der Agrar-\u00d6kologie und Architektur, Urlauber und Kosmopoliten.<br \/>\nMit einfachsten Werkzeugen und Hilfsmitteln wurde die H\u00fcgelspitze nivelliert und ein Streifenfundament f\u00fcr das erste Haus gegossen.<\/p>\n<p><img loading=\"lazy\" decoding=\"async\" class=\"aligncenter size-full wp-image-258\" src=\"http:\/\/lake-agege-farm.org\/en\/wp-content\/uploads\/sites\/5\/2016\/12\/farm-2.jpg\" alt=\"\" width=\"756\" height=\"295\" srcset=\"https:\/\/lake-agege-farm.org\/en\/wp-content\/uploads\/sites\/5\/2016\/12\/farm-2.jpg 756w, https:\/\/lake-agege-farm.org\/en\/wp-content\/uploads\/sites\/5\/2016\/12\/farm-2-300x117.jpg 300w\" sizes=\"auto, (max-width: 756px) 100vw, 756px\" \/><br \/>\n<!--nextpage--><\/p>\n<h2>Ghana Farm Project<\/h2>\n<p>Zusammen mit einheimischen `Fachkr\u00e4ften\u00b4 wurde die Sch\u00fcttung eingestampft, eine Feuchtesperre eingezogen, Estrich gegossen und die W\u00e4nde aufgemauert.<br \/>\nAus den laterithaltigen Lehmadern des Aushubs l\u00e4sst sich durch Wasserzugabe ein wunderbarer Putz herstellen, von dem unsere heimischen Mitstreiter fasziniert waren!<br \/>\nDas Lake-Agege-Farm-Projekt l\u00e4dt zum Mitarbeiten, Lernen, Forschen, zur beruflichen Qualifizierung und demn\u00e4chst zum Urlaub machen ein. Interessierte sind herzlich willkommen!<\/p>\n<p><img loading=\"lazy\" decoding=\"async\" class=\"aligncenter size-full wp-image-259\" src=\"http:\/\/lake-agege-farm.org\/en\/wp-content\/uploads\/sites\/5\/2016\/12\/farm-3.jpg\" alt=\"\" width=\"717\" height=\"295\" srcset=\"https:\/\/lake-agege-farm.org\/en\/wp-content\/uploads\/sites\/5\/2016\/12\/farm-3.jpg 717w, https:\/\/lake-agege-farm.org\/en\/wp-content\/uploads\/sites\/5\/2016\/12\/farm-3-300x123.jpg 300w\" sizes=\"auto, (max-width: 717px) 100vw, 717px\" \/><br \/>\n<!--nextpage--><\/p>\n<h2>Ghana Farm Project<\/h2>\n<p>Weiterbau im Mai 2010<br \/>\n&#8230; mit einfachen Mitteln und viel Improvisations-Talent.<\/p>\n<p><img loading=\"lazy\" decoding=\"async\" class=\"aligncenter size-full wp-image-260\" src=\"http:\/\/lake-agege-farm.org\/en\/wp-content\/uploads\/sites\/5\/2016\/12\/farm-4.jpg\" alt=\"\" width=\"674\" height=\"295\" srcset=\"https:\/\/lake-agege-farm.org\/en\/wp-content\/uploads\/sites\/5\/2016\/12\/farm-4.jpg 674w, https:\/\/lake-agege-farm.org\/en\/wp-content\/uploads\/sites\/5\/2016\/12\/farm-4-300x131.jpg 300w\" sizes=\"auto, (max-width: 674px) 100vw, 674px\" \/><br \/>\n<!--nextpage--><\/p>\n<h2>Ghana Farm Project<\/h2>\n<p>Die n\u00e4chste Holz-Bestellung wird mit dem Lieferanten ausgehandelt.<br \/>\nDachsteine werden gew\u00e4hlt und sortiert.<br \/>\nNebenbei wird das Haus St\u00fcck f\u00fcr St\u00fcck mit\u00a0 Aushubmaterial verputzt.<\/p>\n<p><img loading=\"lazy\" decoding=\"async\" class=\"aligncenter size-full wp-image-261\" src=\"http:\/\/lake-agege-farm.org\/en\/wp-content\/uploads\/sites\/5\/2016\/12\/farm-5.jpg\" alt=\"\" width=\"773\" height=\"295\" srcset=\"https:\/\/lake-agege-farm.org\/en\/wp-content\/uploads\/sites\/5\/2016\/12\/farm-5.jpg 773w, https:\/\/lake-agege-farm.org\/en\/wp-content\/uploads\/sites\/5\/2016\/12\/farm-5-300x114.jpg 300w, https:\/\/lake-agege-farm.org\/en\/wp-content\/uploads\/sites\/5\/2016\/12\/farm-5-768x293.jpg 768w\" sizes=\"auto, (max-width: 773px) 100vw, 773px\" \/><br \/>\n<!--nextpage--><\/p>\n<h2>Ghana Farm Project<\/h2>\n<p>Fr\u00fchst\u00fcckspause aus dem Bauhelm<br \/>\nNach 10 Tagen vor Ort ist das Dach fertig. Nun kann auch die Regenzeit kommen.<\/p>\n<p>Wer mitmachen, lernen und Neues erleben m\u00f6chte, ist herzlich willkommen!<\/p>\n<p><img loading=\"lazy\" decoding=\"async\" class=\"aligncenter size-full wp-image-262\" src=\"http:\/\/lake-agege-farm.org\/en\/wp-content\/uploads\/sites\/5\/2016\/12\/farm-6.jpg\" alt=\"\" width=\"750\" height=\"295\" srcset=\"https:\/\/lake-agege-farm.org\/en\/wp-content\/uploads\/sites\/5\/2016\/12\/farm-6.jpg 750w, https:\/\/lake-agege-farm.org\/en\/wp-content\/uploads\/sites\/5\/2016\/12\/farm-6-300x118.jpg 300w\" sizes=\"auto, (max-width: 750px) 100vw, 750px\" \/><\/p>\n","protected":false},"excerpt":{"rendered":"<p>Ghana Farm Project \u00dcber\u00a0 viele Jahren ist die Idee gereift, Bau und Anbau in Ghana in ganzheitlicher Weise als Projekt auf die Beine zu stellen. Am Agege-See, mitten im Busch in der N\u00e4he von Mankessim (zwischen Cape Coast und Accra)<\/p>\n","protected":false},"author":1,"featured_media":0,"parent":0,"menu_order":0,"comment_status":"closed","ping_status":"open","template":"","meta":{"footnotes":""},"class_list":["post-2","page","type-page","status-publish","hentry"],"_links":{"self":[{"href":"https:\/\/lake-agege-farm.org\/en\/wp-json\/wp\/v2\/pages\/2","targetHints":{"allow":["GET"]}}],"collection":[{"href":"https:\/\/lake-agege-farm.org\/en\/wp-json\/wp\/v2\/pages"}],"about":[{"href":"https:\/\/lake-agege-farm.org\/en\/wp-json\/wp\/v2\/types\/page"}],"author":[{"embeddable":true,"href":"https:\/\/lake-agege-farm.org\/en\/wp-json\/wp\/v2\/users\/1"}],"replies":[{"embeddable":true,"href":"https:\/\/lake-agege-farm.org\/en\/wp-json\/wp\/v2\/comments?post=2"}],"version-history":[{"count":5,"href":"https:\/\/lake-agege-farm.org\/en\/wp-json\/wp\/v2\/pages\/2\/revisions"}],"predecessor-version":[{"id":386,"href":"https:\/\/lake-agege-farm.org\/en\/wp-json\/wp\/v2\/pages\/2\/revisions\/386"}],"wp:attachment":[{"href":"https:\/\/lake-agege-farm.org\/en\/wp-json\/wp\/v2\/media?parent=2"}],"curies":[{"name":"wp","href":"https:\/\/api.w.org\/{rel}","templated":true}]}}