{"id":199,"date":"2017-01-03T19:19:43","date_gmt":"2017-01-03T18:19:43","guid":{"rendered":"http:\/\/lake-agege-farm.org\/en\/?page_id=199"},"modified":"2017-01-03T19:19:43","modified_gmt":"2017-01-03T18:19:43","slug":"workshops","status":"publish","type":"page","link":"https:\/\/lake-agege-farm.org\/en\/workshops\/","title":{"rendered":"Workshops"},"content":{"rendered":"<h2>Li Europan lingues es membres del sam familie.<\/h2>\n<h3>Lor separat existentie es un myth. Por scientie, musica, sport etc, litot Europa usa li sam vocabular.<\/h3>\n<figure id=\"attachment_89\" aria-describedby=\"caption-attachment-89\" style=\"width: 270px\" class=\"wp-caption alignright\"><a href=\"http:\/\/lake-agege-farm.org\/en\/wp-content\/uploads\/sites\/5\/2016\/12\/dummy-horizontal2.jpg\"><img loading=\"lazy\" decoding=\"async\" class=\"wp-image-89 \" src=\"http:\/\/lake-agege-farm.org\/en\/wp-content\/uploads\/sites\/5\/2016\/12\/dummy-horizontal2-768x1024.jpg\" width=\"270\" height=\"434\" \/><\/a><figcaption id=\"caption-attachment-89\" class=\"wp-caption-text\">A un Angleso it va semblar un simplificat Angles, quam un skeptic Cambridge amico dit me que Occidental es.<\/figcaption><\/figure>\n<p><strong>Die Idee <\/strong>der Lake Agege Farm bezieht sich auf die Idee von Willi Bell, einem Missionarssohn, ausgebildeten Fotografen und ersten Verleger im gerade unabh\u00e4ngig gewordenen Ghana der 50er Jahre. Nach dem Ausscheiden aus dem Verlagsbetrieb begr\u00fcndete Bell in der N\u00e4he von Mankessim, mitten im Busch, direkt an den Ufern des aufgestauten Lake Agege Sees, eine besondere Farm. Dort sollte in einer rotierenden Fruchtfolge in k\u00fcnstlich angelegten Teichen die Aufzucht von Tilapia-Fischen mit dem Anbau von Reis und Gem\u00fcse einhergehen, indem die Becken nach der Fischzucht abgelassen wurden und der durch Fische ged\u00fcngte Boden dem Anbau von Reis und sp\u00e4ter von Gem\u00fcsesorten zugutekam. Diese Idee konnte nur zum Teil umgesetzt werden. Zu fr\u00fch starb Willi Bell. Wir m\u00f6chten seine Ideen einer nachhaltigen, regionalen, den b\u00e4uerlich-d\u00f6rflichen Gr\u00f6\u00dfenverh\u00e4ltnissen angepassten Landwirtschaft und Architektur in Abwandlung weiterf\u00fchren.<\/p>\n<p>Unser bislang vordergr\u00fcndig privat getragenes Projekt wird mit Unterst\u00fctzung unserer einheimischen Mitstreiter entwickelt.<\/p>\n<p>F\u00fcr uns hei\u00dft das, auf der Lake Agege Farm einen Lern- und Treffpunkt zu schaffen, wo Studenten der Architektur, Innenarchitektur und des Bauwesens der <a href=\"https:\/\/biw.fiw.hs-wismar.de\/\" target=\"_blank\"><strong>Hochschule Wismar<\/strong><\/a> mit einheimischen Bauern und Erbauern sowie ghanaischen Studenten zusammenkommen.<\/p>\n","protected":false},"excerpt":{"rendered":"<p>Li Europan lingues es membres del sam familie. Lor separat existentie es un myth. Por scientie, musica, sport etc, litot Europa usa li sam vocabular. Die Idee der Lake Agege Farm bezieht sich auf die Idee von Willi Bell, einem<\/p>\n","protected":false},"author":1,"featured_media":0,"parent":0,"menu_order":0,"comment_status":"closed","ping_status":"closed","template":"","meta":{"footnotes":""},"class_list":["post-199","page","type-page","status-publish","hentry"],"_links":{"self":[{"href":"https:\/\/lake-agege-farm.org\/en\/wp-json\/wp\/v2\/pages\/199","targetHints":{"allow":["GET"]}}],"collection":[{"href":"https:\/\/lake-agege-farm.org\/en\/wp-json\/wp\/v2\/pages"}],"about":[{"href":"https:\/\/lake-agege-farm.org\/en\/wp-json\/wp\/v2\/types\/page"}],"author":[{"embeddable":true,"href":"https:\/\/lake-agege-farm.org\/en\/wp-json\/wp\/v2\/users\/1"}],"replies":[{"embeddable":true,"href":"https:\/\/lake-agege-farm.org\/en\/wp-json\/wp\/v2\/comments?post=199"}],"version-history":[{"count":1,"href":"https:\/\/lake-agege-farm.org\/en\/wp-json\/wp\/v2\/pages\/199\/revisions"}],"predecessor-version":[{"id":202,"href":"https:\/\/lake-agege-farm.org\/en\/wp-json\/wp\/v2\/pages\/199\/revisions\/202"}],"wp:attachment":[{"href":"https:\/\/lake-agege-farm.org\/en\/wp-json\/wp\/v2\/media?parent=199"}],"curies":[{"name":"wp","href":"https:\/\/api.w.org\/{rel}","templated":true}]}}