{"id":195,"date":"2017-01-03T19:17:42","date_gmt":"2017-01-03T18:17:42","guid":{"rendered":"http:\/\/lake-agege-farm.org\/en\/?page_id=195"},"modified":"2017-08-27T18:37:08","modified_gmt":"2017-08-27T16:37:08","slug":"cooperationpartners","status":"publish","type":"page","link":"https:\/\/lake-agege-farm.org\/en\/cooperationpartners\/","title":{"rendered":"Cooperationpartners"},"content":{"rendered":"<p>&nbsp;<\/p>\n<p><span class=\"st\"><a href=\"http:\/\/lake-agege-farm.org\/wp-content\/uploads\/2017\/01\/IPT.jpg\"><img loading=\"lazy\" decoding=\"async\" class=\" wp-image-394 alignleft\" src=\"http:\/\/lake-agege-farm.org\/wp-content\/uploads\/2017\/01\/IPT-300x111.jpg\" alt=\"\" width=\"259\" height=\"96\" \/><\/a>Forschungsprojekt: Erprobung von Bew\u00e4sserungssystemen<br \/>\n<strong>Prof. Dr.-Ing. Harald Hansmann<\/strong><br \/>\nInstitut f\u00fcr Polymertechnologien e.V.<\/span><\/p>\n<p>&nbsp;<\/p>\n<p>&nbsp;<\/p>\n<p><a href=\"http:\/\/lake-agege-farm.org\/wp-content\/uploads\/2017\/01\/Unbenannt.jpg\"><img loading=\"lazy\" decoding=\"async\" class=\"wp-image-400 alignleft\" src=\"http:\/\/lake-agege-farm.org\/wp-content\/uploads\/2017\/01\/Unbenannt.jpg\" width=\"259\" height=\"139\" \/><\/a>Forschungsprojekt: Anbau und Reproduktion von Moringa Oleifera<br \/>\n<strong>Prof. Dr.-Ing. Christian Stollberg<\/strong><br \/>\nHochschule Wismar, Au\u00dfenstelle Malchow<br \/>\nFakult\u00e4t f\u00fcr Ingenieurwissenschaften<br \/>\nBereich Maschinenbau\/Verfahrens- und Umwelttechnik<br \/>\nVerfahrenstechnik biogener Rohstoffe<\/p>\n<p>&nbsp;<\/p>\n<p><a href=\"http:\/\/lake-agege-farm.org\/wp-content\/uploads\/2017\/01\/brri-ghana.jpg\"><img loading=\"lazy\" decoding=\"async\" class=\" wp-image-407 alignleft\" src=\"http:\/\/lake-agege-farm.org\/wp-content\/uploads\/2017\/01\/brri-ghana-300x100.jpg\" alt=\"\" width=\"261\" height=\"87\" \/><\/a>Forschungsprojekt: Bauen aus letrithaltigem Lehm<br \/>\n<strong>Dr. Eugene Atiemo<\/strong><br \/>\nBuilding and Road Research Institute, Kumasi, Ghana<br \/>\nCSIR-BRRI<\/p>\n<p>&nbsp;<\/p>\n<p><a href=\"http:\/\/lake-agege-farm.org\/wp-content\/uploads\/2017\/01\/UNI-Logo_Siegel_4c_03.png\"><img loading=\"lazy\" decoding=\"async\" class=\"alignleft wp-image-602\" src=\"http:\/\/lake-agege-farm.org\/wp-content\/uploads\/2017\/01\/UNI-Logo_Siegel_4c_03-300x62.png\" alt=\"\" width=\"262\" height=\"54\" \/><\/a>Forschungsprojekt: Nachhaltige Landwirtschaft<strong><br \/>\n<\/strong><\/p>\n<p><strong>Prof. Dr. Ralf Uptmoor, <\/strong>Professur f\u00fcr Pflanzenbau der Universit\u00e4t Rostock<\/p>\n<p>&nbsp;<\/p>\n<p><a href=\"http:\/\/lake-agege-farm.org\/wp-content\/uploads\/2017\/01\/cape-coast-300x225.jpg\"><img loading=\"lazy\" decoding=\"async\" class=\"alignleft wp-image-605\" src=\"http:\/\/lake-agege-farm.org\/wp-content\/uploads\/2017\/01\/cape-coast-300x225-300x225.jpg\" alt=\"\" width=\"263\" height=\"197\" \/><\/a><\/p>\n<p>&nbsp;<\/p>\n<p>Forschungsprojekt: sustainable and ecological agriculture<\/p>\n<p>Dean Prof. Dr. L. K. Sam-Amoah<\/p>\n<p><strong>Dr. Francis Kumi<\/strong><\/p>\n<p>&nbsp;<\/p>\n","protected":false},"excerpt":{"rendered":"<p>&nbsp; Forschungsprojekt: Erprobung von Bew\u00e4sserungssystemen Prof. Dr.-Ing. Harald Hansmann Institut f\u00fcr Polymertechnologien e.V. &nbsp; &nbsp; Forschungsprojekt: Anbau und Reproduktion von Moringa Oleifera Prof. Dr.-Ing. Christian Stollberg Hochschule Wismar, Au\u00dfenstelle Malchow Fakult\u00e4t f\u00fcr Ingenieurwissenschaften Bereich Maschinenbau\/Verfahrens- und Umwelttechnik Verfahrenstechnik biogener Rohstoffe<\/p>\n","protected":false},"author":1,"featured_media":0,"parent":0,"menu_order":0,"comment_status":"closed","ping_status":"closed","template":"","meta":{"footnotes":""},"class_list":["post-195","page","type-page","status-publish","hentry"],"_links":{"self":[{"href":"https:\/\/lake-agege-farm.org\/en\/wp-json\/wp\/v2\/pages\/195","targetHints":{"allow":["GET"]}}],"collection":[{"href":"https:\/\/lake-agege-farm.org\/en\/wp-json\/wp\/v2\/pages"}],"about":[{"href":"https:\/\/lake-agege-farm.org\/en\/wp-json\/wp\/v2\/types\/page"}],"author":[{"embeddable":true,"href":"https:\/\/lake-agege-farm.org\/en\/wp-json\/wp\/v2\/users\/1"}],"replies":[{"embeddable":true,"href":"https:\/\/lake-agege-farm.org\/en\/wp-json\/wp\/v2\/comments?post=195"}],"version-history":[{"count":5,"href":"https:\/\/lake-agege-farm.org\/en\/wp-json\/wp\/v2\/pages\/195\/revisions"}],"predecessor-version":[{"id":434,"href":"https:\/\/lake-agege-farm.org\/en\/wp-json\/wp\/v2\/pages\/195\/revisions\/434"}],"wp:attachment":[{"href":"https:\/\/lake-agege-farm.org\/en\/wp-json\/wp\/v2\/media?parent=195"}],"curies":[{"name":"wp","href":"https:\/\/api.w.org\/{rel}","templated":true}]}}