{"id":187,"date":"2017-01-03T19:16:00","date_gmt":"2017-01-03T18:16:00","guid":{"rendered":"http:\/\/lake-agege-farm.org\/en\/?page_id=187"},"modified":"2017-01-15T09:25:38","modified_gmt":"2017-01-15T08:25:38","slug":"landscaping","status":"publish","type":"page","link":"https:\/\/lake-agege-farm.org\/en\/landscaping\/","title":{"rendered":"Landscaping"},"content":{"rendered":"<figure id=\"attachment_319\" aria-describedby=\"caption-attachment-319\" style=\"width: 250px\" class=\"wp-caption alignright\"><a href=\"http:\/\/lake-agege-farm.org\/en\/wp-content\/uploads\/sites\/5\/2017\/01\/landscaping2.jpg\"><img loading=\"lazy\" decoding=\"async\" class=\"wp-image-319 \" src=\"http:\/\/lake-agege-farm.org\/en\/wp-content\/uploads\/sites\/5\/2017\/01\/landscaping2-300x219.jpg\" width=\"250\" height=\"183\" srcset=\"https:\/\/lake-agege-farm.org\/en\/wp-content\/uploads\/sites\/5\/2017\/01\/landscaping2-300x219.jpg 300w, https:\/\/lake-agege-farm.org\/en\/wp-content\/uploads\/sites\/5\/2017\/01\/landscaping2-768x561.jpg 768w, https:\/\/lake-agege-farm.org\/en\/wp-content\/uploads\/sites\/5\/2017\/01\/landscaping2.jpg 1024w\" sizes=\"auto, (max-width: 250px) 100vw, 250px\" \/><\/a><figcaption id=\"caption-attachment-319\" class=\"wp-caption-text\">Vorher<\/figcaption><\/figure>\n<p>Vor Jahrmillionen formte sich die Landschaft um den zu Beginn der 80er Jahre aufgestauten Agege See. Die Aufstauung hat ihr eine neue Pr\u00e4gung gegeben, eine wirklich malerische. Doch auch, wenn die letzten gro\u00dfen B\u00e4ume weit \u00fcber 100 Jahre alt sind, so k\u00e4mpft doch die scheinbar unb\u00e4ndige Naturkraft der Tropen wie vielerorts vergeblich gegen die immer wieder z\u00fcngelnden Flammen der Brandrodung an. Auch das Farmgel\u00e4nde blieb davon nicht verschont. Und nun beschlie\u00dfen wir, ein ansonsten von uns bislang nur selten eingesetztes Mittel gegen diese Urkraft der Tropen zu nutzen, den Bulldozer, um die nackte, aber immer noch fruchtbare Haut der Erde vor weiterer Erosion zu sch\u00fctzen und Terrassen anzulegen.<\/p>\n<figure id=\"attachment_318\" aria-describedby=\"caption-attachment-318\" style=\"width: 250px\" class=\"wp-caption alignleft\"><a href=\"http:\/\/lake-agege-farm.org\/en\/wp-content\/uploads\/sites\/5\/2017\/01\/landscaping_web.jpg\"><img loading=\"lazy\" decoding=\"async\" class=\"wp-image-318 \" src=\"http:\/\/lake-agege-farm.org\/en\/wp-content\/uploads\/sites\/5\/2017\/01\/landscaping_web-300x225.jpg\" width=\"250\" height=\"187\" srcset=\"https:\/\/lake-agege-farm.org\/en\/wp-content\/uploads\/sites\/5\/2017\/01\/landscaping_web-300x225.jpg 300w, https:\/\/lake-agege-farm.org\/en\/wp-content\/uploads\/sites\/5\/2017\/01\/landscaping_web-768x576.jpg 768w, https:\/\/lake-agege-farm.org\/en\/wp-content\/uploads\/sites\/5\/2017\/01\/landscaping_web.jpg 1024w\" sizes=\"auto, (max-width: 250px) 100vw, 250px\" \/><\/a><figcaption id=\"caption-attachment-318\" class=\"wp-caption-text\">Nachher<\/figcaption><\/figure>\n<p>\u00dcber viele Jahrhunderte ist die Humusschicht des ehemaligen Regenwaldes gewachsen und an einem Tag verliert der h\u00f6chste Berg am Lake Agege nun seine Spitze. Vorsichtig tragen wir die Humusschicht ab, begradigen das Gel\u00e4nde und verteilen die sogenannte `black soil\u00b4 dann wieder auf dem Farmgel\u00e4nde. Nun k\u00f6nnen dort verschiedene Zitrusfr\u00fcchte, Mangos, Muskat- und Zimtb\u00e4ume, Kakao und Black Berrys wachsen. Mehr als 250 B\u00e4ume von mehr als 30 Arten finden eine neue, gut bestellte Heimat.<\/p>\n","protected":false},"excerpt":{"rendered":"<p>Vor Jahrmillionen formte sich die Landschaft um den zu Beginn der 80er Jahre aufgestauten Agege See. Die Aufstauung hat ihr eine neue Pr\u00e4gung gegeben, eine wirklich malerische. Doch auch, wenn die letzten gro\u00dfen B\u00e4ume weit \u00fcber 100 Jahre alt sind,<\/p>\n","protected":false},"author":1,"featured_media":0,"parent":0,"menu_order":0,"comment_status":"closed","ping_status":"closed","template":"","meta":{"footnotes":""},"class_list":["post-187","page","type-page","status-publish","hentry"],"_links":{"self":[{"href":"https:\/\/lake-agege-farm.org\/en\/wp-json\/wp\/v2\/pages\/187","targetHints":{"allow":["GET"]}}],"collection":[{"href":"https:\/\/lake-agege-farm.org\/en\/wp-json\/wp\/v2\/pages"}],"about":[{"href":"https:\/\/lake-agege-farm.org\/en\/wp-json\/wp\/v2\/types\/page"}],"author":[{"embeddable":true,"href":"https:\/\/lake-agege-farm.org\/en\/wp-json\/wp\/v2\/users\/1"}],"replies":[{"embeddable":true,"href":"https:\/\/lake-agege-farm.org\/en\/wp-json\/wp\/v2\/comments?post=187"}],"version-history":[{"count":5,"href":"https:\/\/lake-agege-farm.org\/en\/wp-json\/wp\/v2\/pages\/187\/revisions"}],"predecessor-version":[{"id":329,"href":"https:\/\/lake-agege-farm.org\/en\/wp-json\/wp\/v2\/pages\/187\/revisions\/329"}],"wp:attachment":[{"href":"https:\/\/lake-agege-farm.org\/en\/wp-json\/wp\/v2\/media?parent=187"}],"curies":[{"name":"wp","href":"https:\/\/api.w.org\/{rel}","templated":true}]}}