{"id":178,"date":"2017-01-03T19:12:15","date_gmt":"2017-01-03T18:12:15","guid":{"rendered":"http:\/\/lake-agege-farm.org\/en\/?page_id=178"},"modified":"2017-01-15T11:59:19","modified_gmt":"2017-01-15T10:59:19","slug":"projektidee","status":"publish","type":"page","link":"https:\/\/lake-agege-farm.org\/en\/projektidee\/","title":{"rendered":"Project Concept"},"content":{"rendered":"<p>Die Idee der Lake Agege Farm bezieht sich auf die Idee von Willi Bell, einem Missionarssohn, ausgebildeten Fotografen und ersten Verleger im gerade unabh\u00e4ngig gewordenen Ghana der 50er Jahre. Nach dem Ausscheiden aus dem Verlagsbetrieb begr\u00fcndete Bell in der N\u00e4he von Mankessim, mitten im Busch, direkt an den Ufern des aufgestauten Agege Sees, eine besondere Farm. Dort sollte in einer rotierenden Fruchtfolge in k\u00fcnstlich angelegten Teichen die Aufzucht von Tilapia-Fischen mit dem Anbau von Reis und Gem\u00fcse einhergehen, indem das Wasser nach der Fischzucht abgelassen wurde und der durch Fische ged\u00fcngte Boden dem Anbau von Reis und sp\u00e4ter von Gem\u00fcsesorten zugutekam. Diese Idee konnte damals nur zum Teil umgesetzt werden. Zu fr\u00fch starb Willi Bell. Wir m\u00f6chten seine Ideen einer nachhaltigen, regionalen, den b\u00e4uerlich-d\u00f6rflichen Gr\u00f6\u00dfenverh\u00e4ltnissen angepassten Landwirtschaft und Architektur in Abwandlung weiterf\u00fchren.<\/p>\n<p>F\u00fcr uns hei\u00dft das, auf der Lake Agege Farm einen Lern- und Treffpunkt zu schaffen, wo Studierende der Architektur, Innenarchitektur und des Bauwesens der Hochschule Wismar und Studierende des Fachbereichs \u00d6kologische Agrarwissenschaften der Universit\u00e4t Kassel in Witzenhausen mit einheimischen Bauern und Erbauern sowie ghanaischen Studierenden zusammenkommen.<\/p>\n<p>Unser bislang vordergr\u00fcndig privat getragenes Projekt wird mit Unterst\u00fctzung unserer einheimischen Mitstreiter entwickelt.<\/p>\n","protected":false},"excerpt":{"rendered":"<p>Die Idee der Lake Agege Farm bezieht sich auf die Idee von Willi Bell, einem Missionarssohn, ausgebildeten Fotografen und ersten Verleger im gerade unabh\u00e4ngig gewordenen Ghana der 50er Jahre. Nach dem Ausscheiden aus dem Verlagsbetrieb begr\u00fcndete Bell in der N\u00e4he<\/p>\n","protected":false},"author":1,"featured_media":0,"parent":0,"menu_order":0,"comment_status":"closed","ping_status":"closed","template":"","meta":{"footnotes":""},"class_list":["post-178","page","type-page","status-publish","hentry"],"_links":{"self":[{"href":"https:\/\/lake-agege-farm.org\/en\/wp-json\/wp\/v2\/pages\/178","targetHints":{"allow":["GET"]}}],"collection":[{"href":"https:\/\/lake-agege-farm.org\/en\/wp-json\/wp\/v2\/pages"}],"about":[{"href":"https:\/\/lake-agege-farm.org\/en\/wp-json\/wp\/v2\/types\/page"}],"author":[{"embeddable":true,"href":"https:\/\/lake-agege-farm.org\/en\/wp-json\/wp\/v2\/users\/1"}],"replies":[{"embeddable":true,"href":"https:\/\/lake-agege-farm.org\/en\/wp-json\/wp\/v2\/comments?post=178"}],"version-history":[{"count":3,"href":"https:\/\/lake-agege-farm.org\/en\/wp-json\/wp\/v2\/pages\/178\/revisions"}],"predecessor-version":[{"id":356,"href":"https:\/\/lake-agege-farm.org\/en\/wp-json\/wp\/v2\/pages\/178\/revisions\/356"}],"wp:attachment":[{"href":"https:\/\/lake-agege-farm.org\/en\/wp-json\/wp\/v2\/media?parent=178"}],"curies":[{"name":"wp","href":"https:\/\/api.w.org\/{rel}","templated":true}]}}