{"id":176,"date":"2017-01-03T19:12:33","date_gmt":"2017-01-03T18:12:33","guid":{"rendered":"http:\/\/lake-agege-farm.org\/en\/?page_id=176"},"modified":"2017-08-27T14:21:28","modified_gmt":"2017-08-27T12:21:28","slug":"oekologisches-bauen","status":"publish","type":"page","link":"https:\/\/lake-agege-farm.org\/en\/oekologisches-bauen\/","title":{"rendered":"Ecological Building"},"content":{"rendered":"<figure id=\"attachment_346\" aria-describedby=\"caption-attachment-346\" style=\"width: 240px\" class=\"wp-caption alignright\"><a href=\"http:\/\/lake-agege-farm.org\/wp-content\/uploads\/2017\/01\/hausentwurfcollage.jpg\"><img loading=\"lazy\" decoding=\"async\" class=\"wp-image-346 \" src=\"http:\/\/lake-agege-farm.org\/wp-content\/uploads\/2017\/01\/hausentwurfcollage-300x280.jpg\" width=\"240\" height=\"224\" \/><\/a><figcaption id=\"caption-attachment-346\" class=\"wp-caption-text\">Gemeinschaftshaus Agege Farm, Entwurf von Tina Wunnenberg<\/figcaption><\/figure>\n<figure id=\"attachment_340\" aria-describedby=\"caption-attachment-340\" style=\"width: 300px\" class=\"wp-caption alignright\"><a href=\"http:\/\/lake-agege-farm.org\/wp-content\/uploads\/2017\/01\/Lehmsteinversuche.jpg\"><img loading=\"lazy\" decoding=\"async\" class=\"wp-image-340 size-medium\" src=\"http:\/\/lake-agege-farm.org\/wp-content\/uploads\/2017\/01\/Lehmsteinversuche-300x225.jpg\" width=\"300\" height=\"225\" \/><\/a><figcaption id=\"caption-attachment-340\" class=\"wp-caption-text\">Erste Tests f\u00fcr die Lehmsteinproduktion aus Laterit<\/figcaption><\/figure>\n<p>Lehmbau folgt auch in Ghana einer jahrhundertelangen Tradition. Er richtete sich nach den einfachen Bed\u00fcrfnissen des Lebens, das \u00fcberwiegend drau\u00dfen stattfindet. In seiner traditionellen Gestaltung und den sozialen Bed\u00fcrfnissen entsprechend ist er aber heutzutage nicht mehr zeitgem\u00e4\u00df. Wir wollen neue Gestaltung und Nutzung mit innovativen und historischen Techniken des Lehmbaus zusammen bringen. Zuerst soll ein Begegnungshaus f\u00fcr unsere Workshops gebaut werden. Die Studentin Tina Wunnenberg gewann f\u00fcr einen ihrer Entw\u00fcrfe sogar den begehrten DIA Preis der Hochschule Wismar.<\/p>\n","protected":false},"excerpt":{"rendered":"<p>Lehmbau folgt auch in Ghana einer jahrhundertelangen Tradition. Er richtete sich nach den einfachen Bed\u00fcrfnissen des Lebens, das \u00fcberwiegend drau\u00dfen stattfindet. In seiner traditionellen Gestaltung und den sozialen Bed\u00fcrfnissen entsprechend ist er aber heutzutage nicht mehr zeitgem\u00e4\u00df. Wir wollen neue<\/p>\n","protected":false},"author":1,"featured_media":0,"parent":0,"menu_order":0,"comment_status":"closed","ping_status":"closed","template":"","meta":{"footnotes":""},"class_list":["post-176","page","type-page","status-publish","hentry"],"_links":{"self":[{"href":"https:\/\/lake-agege-farm.org\/en\/wp-json\/wp\/v2\/pages\/176","targetHints":{"allow":["GET"]}}],"collection":[{"href":"https:\/\/lake-agege-farm.org\/en\/wp-json\/wp\/v2\/pages"}],"about":[{"href":"https:\/\/lake-agege-farm.org\/en\/wp-json\/wp\/v2\/types\/page"}],"author":[{"embeddable":true,"href":"https:\/\/lake-agege-farm.org\/en\/wp-json\/wp\/v2\/users\/1"}],"replies":[{"embeddable":true,"href":"https:\/\/lake-agege-farm.org\/en\/wp-json\/wp\/v2\/comments?post=176"}],"version-history":[{"count":5,"href":"https:\/\/lake-agege-farm.org\/en\/wp-json\/wp\/v2\/pages\/176\/revisions"}],"predecessor-version":[{"id":388,"href":"https:\/\/lake-agege-farm.org\/en\/wp-json\/wp\/v2\/pages\/176\/revisions\/388"}],"wp:attachment":[{"href":"https:\/\/lake-agege-farm.org\/en\/wp-json\/wp\/v2\/media?parent=176"}],"curies":[{"name":"wp","href":"https:\/\/api.w.org\/{rel}","templated":true}]}}