{"id":175,"date":"2017-01-03T19:12:47","date_gmt":"2017-01-03T18:12:47","guid":{"rendered":"http:\/\/lake-agege-farm.org\/en\/?page_id=175"},"modified":"2017-01-15T11:57:28","modified_gmt":"2017-01-15T10:57:28","slug":"oekologisches-anbauen","status":"publish","type":"page","link":"https:\/\/lake-agege-farm.org\/en\/oekologisches-anbauen\/","title":{"rendered":"Ecological Cultivation"},"content":{"rendered":"<p><a href=\"http:\/\/lake-agege-farm.org\/en\/wp-content\/uploads\/sites\/5\/2017\/01\/pflanzen_web.jpg\"><img loading=\"lazy\" decoding=\"async\" class=\"alignright size-medium wp-image-285\" src=\"http:\/\/lake-agege-farm.org\/en\/wp-content\/uploads\/sites\/5\/2017\/01\/pflanzen_web-224x300.jpg\" alt=\"\" width=\"224\" height=\"300\" srcset=\"https:\/\/lake-agege-farm.org\/en\/wp-content\/uploads\/sites\/5\/2017\/01\/pflanzen_web-224x300.jpg 224w, https:\/\/lake-agege-farm.org\/en\/wp-content\/uploads\/sites\/5\/2017\/01\/pflanzen_web.jpg 745w\" sizes=\"auto, (max-width: 224px) 100vw, 224px\" \/><\/a> Seit vielen Jahrhunderten hat sich in der Bodenbearbeitung des ghanaischen Farmers nicht viel ver\u00e4ndert. Wie seit ehedem zieht er, nur mit Hacke und Buschmesser ausger\u00fcstet, im Umkreis seines Dorfes von einer, mittels Brandrodung urbar gemachten, bepflanzten und abgeernteten Fl\u00e4che, zur n\u00e4chsten. Zumeist arbeitet eine Person auf solch einem \u201eFeld\u201c und baut Gem\u00fcse an, \u00fcberwiegend immer noch f\u00fcr den Eigenbedarf. Damit geht ein gro\u00dfer Teil der Energie in das immer wieder von Neuem begonnene Urbarmachen eines St\u00fcck wilden Buschlandes, verbunden mit dem Verenden ungez\u00e4hlter Kleinorganismen und Kleintiere, der Bodenerosion und den sich kaum verbessernden Lebensverh\u00e4ltnissen der Bauern. Gerade weil diese Methode so archaisch ist, kommen alle mit gro\u00dfem Aufwand durchmechanisierten, mit europ\u00e4ischer Struktur geplanten Landwirtschaftsprojekte schnell an ihre Grenzen und scheitern meistens zeitnah dann, wenn die in der Regel von Hilfsorganisationen Besch\u00e4ftigten wieder zur\u00fcck gen Heimat gereist sind. Dann verf\u00e4llt vieles wieder in seine jahrhundertealten Bahnen.<br \/>\nWir wollen die Farmer der Region Mankessim auf die sinnvolle Konzentration auf ein St\u00fcck Land und somit auf eine nachhaltigen Bewirtschaftung durch die Nutzung der nat\u00fcrlichen Bodenfruchtbarkeit aufmerksam machen (k\u00fcnstlichen D\u00fcnger kann sich sowieso kein Kleinbauer leisten) und zu einem Nachdenken \u00fcber die herk\u00f6mmlichen Bewirtschaftungsmethoden und die Sinnhaftigkeit geschlossener, \u00f6kologischer Bewirtschaftungsmethoden anregen.<\/p>\n","protected":false},"excerpt":{"rendered":"<p>Seit vielen Jahrhunderten hat sich in der Bodenbearbeitung des ghanaischen Farmers nicht viel ver\u00e4ndert. Wie seit ehedem zieht er, nur mit Hacke und Buschmesser ausger\u00fcstet, im Umkreis seines Dorfes von einer, mittels Brandrodung urbar gemachten, bepflanzten und abgeernteten Fl\u00e4che, zur<\/p>\n","protected":false},"author":1,"featured_media":0,"parent":0,"menu_order":0,"comment_status":"closed","ping_status":"closed","template":"","meta":{"footnotes":""},"class_list":["post-175","page","type-page","status-publish","hentry"],"_links":{"self":[{"href":"https:\/\/lake-agege-farm.org\/en\/wp-json\/wp\/v2\/pages\/175","targetHints":{"allow":["GET"]}}],"collection":[{"href":"https:\/\/lake-agege-farm.org\/en\/wp-json\/wp\/v2\/pages"}],"about":[{"href":"https:\/\/lake-agege-farm.org\/en\/wp-json\/wp\/v2\/types\/page"}],"author":[{"embeddable":true,"href":"https:\/\/lake-agege-farm.org\/en\/wp-json\/wp\/v2\/users\/1"}],"replies":[{"embeddable":true,"href":"https:\/\/lake-agege-farm.org\/en\/wp-json\/wp\/v2\/comments?post=175"}],"version-history":[{"count":5,"href":"https:\/\/lake-agege-farm.org\/en\/wp-json\/wp\/v2\/pages\/175\/revisions"}],"predecessor-version":[{"id":351,"href":"https:\/\/lake-agege-farm.org\/en\/wp-json\/wp\/v2\/pages\/175\/revisions\/351"}],"wp:attachment":[{"href":"https:\/\/lake-agege-farm.org\/en\/wp-json\/wp\/v2\/media?parent=175"}],"curies":[{"name":"wp","href":"https:\/\/api.w.org\/{rel}","templated":true}]}}