{"id":132,"date":"2016-12-14T14:59:56","date_gmt":"2016-12-14T13:59:56","guid":{"rendered":"http:\/\/lake-agege-farm.org\/en\/?page_id=132"},"modified":"2025-12-23T17:25:57","modified_gmt":"2025-12-23T16:25:57","slug":"impressum","status":"publish","type":"page","link":"https:\/\/lake-agege-farm.org\/en\/impressum\/","title":{"rendered":"Imprint"},"content":{"rendered":"<section class=\"kc-elm kc-css-399535 kc_row\"><div class=\"kc-row-container  kc-container\"><div class=\"kc-wrap-columns\"><div class=\"kc-elm kc-css-982837 kc_col-sm-12 kc_column kc_col-sm-12\"><div class=\"kc-col-container\"><div class=\"kc-elm kc_text_block\"><\/p>\n<p>Verantwortlich f\u00fcr den Inhalt gem\u00e4\u00df \u00a7 55 Abs. 2 RStV, sowie alle Rechte an den Inhalten:<\/p>\n<p><strong>Institute for Organic Farming and Earthbuilding<\/strong><\/p>\n<p>Maik-Jens Springmann<\/p>\n<p>Ausbau 8<br \/>18258 Klein Grenz, Germany<\/p>\n<p>Phone: 0049 3844 \u2013 813953<br \/>Mobile: 0049 160 \u2013 6562899<\/p>\n<p>E-mail: <a href=\"mailto:info@lake-agege-farm.org\">info@lake-agege-farm.org<\/a><\/p>\n<hr>\n<p>Inhaltlich Verantwortliche: Britta Wolff &amp; Maik-Jens Springmann<\/p>\n<hr>\n<p>Gestaltung\/Umsetzung: <a href=\"http:\/\/www.cors-design.de\" target=\"_blank\">www.cors-design.de<\/a><\/p>\n<p>\n<\/div><\/div><\/div><\/div><\/div><\/section>\n","protected":false},"excerpt":{"rendered":"","protected":false},"author":1,"featured_media":0,"parent":0,"menu_order":0,"comment_status":"closed","ping_status":"closed","template":"","meta":{"footnotes":""},"class_list":["post-132","page","type-page","status-publish","hentry"],"_links":{"self":[{"href":"https:\/\/lake-agege-farm.org\/en\/wp-json\/wp\/v2\/pages\/132","targetHints":{"allow":["GET"]}}],"collection":[{"href":"https:\/\/lake-agege-farm.org\/en\/wp-json\/wp\/v2\/pages"}],"about":[{"href":"https:\/\/lake-agege-farm.org\/en\/wp-json\/wp\/v2\/types\/page"}],"author":[{"embeddable":true,"href":"https:\/\/lake-agege-farm.org\/en\/wp-json\/wp\/v2\/users\/1"}],"replies":[{"embeddable":true,"href":"https:\/\/lake-agege-farm.org\/en\/wp-json\/wp\/v2\/comments?post=132"}],"version-history":[{"count":6,"href":"https:\/\/lake-agege-farm.org\/en\/wp-json\/wp\/v2\/pages\/132\/revisions"}],"predecessor-version":[{"id":961,"href":"https:\/\/lake-agege-farm.org\/en\/wp-json\/wp\/v2\/pages\/132\/revisions\/961"}],"wp:attachment":[{"href":"https:\/\/lake-agege-farm.org\/en\/wp-json\/wp\/v2\/media?parent=132"}],"curies":[{"name":"wp","href":"https:\/\/api.w.org\/{rel}","templated":true}]}}